{"id":2,"date":"2023-03-21T08:38:21","date_gmt":"2023-03-21T08:38:21","guid":{"rendered":"https:\/\/new.mandatis.ch\/?page_id=2"},"modified":"2023-09-04T16:31:14","modified_gmt":"2023-09-04T14:31:14","slug":"sample-page","status":"publish","type":"page","link":"https:\/\/www.mandatis.ch\/","title":{"rendered":"\u00dcbersicht"},"content":{"rendered":"\n<h2 class=\"wp-block-heading\">Wer wir sind und was wir machen<\/h2>\n\n\n\n<p>Mandatis, aus dem Lateinischen \u00fcbersetzt, bedeutet <em><strong>im Auftrag<\/strong><\/em>. Vertrauen und Kundenzufriedenheit sind unsere obersten Gebote. Seit der Gr\u00fcndung als Einzelfirma im Jahr 2005 wurde das Gesch\u00e4ft stetig ausgebaut. <\/p>\n\n\n\n<p>Wir betreuen Kunden in verschiedenen Branchen und sind offen f\u00fcr neues Terrain und herausfordernde Projekte. Unsere Erfahrungen fliessen in die t\u00e4gliche Arbeit ein. Zudem verf\u00fcgen wir schweizweit \u00fcber Kontakte mit fachkompetenten IT-Spezialisten. <\/p>\n\n\n\n<p>Dies erm\u00f6glicht uns, individuelle L\u00f6sungen anzubieten.<\/p>\n\n\n\n<div style=\"height:70px\" aria-hidden=\"true\" class=\"wp-block-spacer\"><\/div>\n\n\n\n<div class=\"wp-block-group has-medium-font-size\"><div class=\"wp-block-group__inner-container is-layout-flow wp-block-group-is-layout-flow\">\n<div class=\"wp-block-group\"><div class=\"wp-block-group__inner-container is-layout-constrained wp-block-group-is-layout-constrained\">\n<div class=\"wp-block-columns alignwide has-small-font-size is-layout-flex wp-container-core-columns-is-layout-d2da2050 wp-block-columns-is-layout-flex\" style=\"margin-bottom:0\">\n<div class=\"wp-block-column btn-frame has-text-color has-background has-link-color wp-elements-dcc0bbc40f71d157a97f750698a713db is-layout-flow wp-block-column-is-layout-flow\" style=\"color:#000000;background-color:#ffe97d;padding-top:2em;padding-right:2em;padding-bottom:2em;padding-left:2em\">\n<h2 class=\"wp-block-heading\" id=\"single\" style=\"font-size:40px\"><strong>Support<\/strong><\/h2>\n\n\n\n<p>Nutzen Sie TeamViewer, um Support zu erhalten.&nbsp;\u00dcber folgenden Link, gelangen Sie zum Programm.<\/p>\n\n\n\n<div class=\"wp-block-buttons is-horizontal is-content-justification-center is-layout-flex wp-container-core-buttons-is-layout-d072e305 wp-block-buttons-is-layout-flex\">\n<div class=\"wp-block-button has-custom-width wp-block-button__width-100 btn-holder\"><a class=\"wp-block-button__link has-white-color has-text-color has-background wp-element-button\" href=\"https:\/\/get.teamviewer.com\/Mandatis\" style=\"border-radius:100px;background-color:#000000\" target=\"_blank\" rel=\"noreferrer noopener\">Team Viewer<\/a><\/div>\n<\/div>\n<\/div>\n\n\n\n<div class=\"wp-block-column btn-frame has-text-color has-background has-link-color wp-elements-85dcfbb17034a0df1a3f4b2acbc77d47 is-layout-flow wp-block-column-is-layout-flow\" style=\"color:#000000;background-color:#d1d1e1;padding-top:2em;padding-right:2em;padding-bottom:2em;padding-left:2em\">\n<h2 class=\"wp-block-heading\" id=\"family\" style=\"font-size:40px\"><strong>Software<\/strong><\/h2>\n\n\n\n<p>Wir begleiten Sie von der Projektierung bis zur Schulung. Erfahren Sie mehr \u00fcber die von uns unterst\u00fctzte Software blue office \u00ae und Dialogik Lohn \u00ae.<\/p>\n\n\n\n<div class=\"wp-block-buttons is-horizontal is-content-justification-center is-layout-flex wp-container-core-buttons-is-layout-d072e305 wp-block-buttons-is-layout-flex\">\n<div class=\"wp-block-button has-custom-width wp-block-button__width-100 btn-holder\"><a class=\"wp-block-button__link has-white-color has-text-color has-background wp-element-button\" href=\"https:\/\/www.mandatis.ch\/?page_id=38\" style=\"border-radius:100px;background-color:#000000\">Software<\/a><\/div>\n<\/div>\n<\/div>\n\n\n\n<div class=\"wp-block-column btn-frame has-text-color has-background has-link-color wp-elements-67e33f9d3cb60e9f364c226d5136199e is-layout-flow wp-block-column-is-layout-flow\" style=\"color:#000000;background-color:#c0ebf1;padding-top:2em;padding-right:2em;padding-bottom:2em;padding-left:2em\">\n<h2 class=\"wp-block-heading\" id=\"patron\" style=\"font-size:40px\"><strong>Standort<\/strong><\/h2>\n\n\n\n<p>Besuchen Sie uns in unserem B\u00fcro in Weinfelden. Sie finden uns an der Weststrasse 51. Der Link f\u00fchrt Sie zum Ziel.&nbsp;<\/p>\n\n\n\n<div class=\"wp-block-buttons is-horizontal is-content-justification-center is-layout-flex wp-container-core-buttons-is-layout-d072e305 wp-block-buttons-is-layout-flex\">\n<div class=\"wp-block-button has-custom-width wp-block-button__width-100 btn-holder\"><a class=\"wp-block-button__link has-white-color has-text-color has-background wp-element-button\" href=\"https:\/\/goo.gl\/maps\/1uuBTXPt1TALvQgq5\" style=\"border-radius:100px;background-color:#000000\">Karte<\/a><\/div>\n<\/div>\n<\/div>\n<\/div>\n<\/div><\/div>\n<\/div><\/div>\n\n\n\n<div style=\"height:70px\" aria-hidden=\"true\" class=\"wp-block-spacer\"><\/div>\n\n\n\n<p class=\"has-medium-font-size\">Die Wurzeln in der Ostschweiz mit grossem T\u00e4tigkeitsradius.<\/p>\n\n\n\n<figure class=\"wp-block-image size-large is-style-default\"><img loading=\"lazy\" decoding=\"async\" width=\"1024\" height=\"685\" src=\"https:\/\/www.mandatis.ch\/wp-content\/uploads\/2023\/03\/KarteMandate-1-1024x685.png\" alt=\"\" class=\"wp-image-86\" srcset=\"https:\/\/www.mandatis.ch\/wp-content\/uploads\/2023\/03\/KarteMandate-1-1024x685.png 1024w, https:\/\/www.mandatis.ch\/wp-content\/uploads\/2023\/03\/KarteMandate-1-300x201.png 300w, https:\/\/www.mandatis.ch\/wp-content\/uploads\/2023\/03\/KarteMandate-1-768x514.png 768w, https:\/\/www.mandatis.ch\/wp-content\/uploads\/2023\/03\/KarteMandate-1-1536x1028.png 1536w, https:\/\/www.mandatis.ch\/wp-content\/uploads\/2023\/03\/KarteMandate-1-2048x1370.png 2048w\" sizes=\"auto, (max-width: 1024px) 100vw, 1024px\" \/><\/figure>\n","protected":false},"excerpt":{"rendered":"<p>Wer wir sind und was wir machen Mandatis, aus dem Lateinischen \u00fcbersetzt, bedeutet im Auftrag. Vertrauen und Kundenzufriedenheit sind unsere obersten Gebote. Seit der Gr\u00fcndung als Einzelfirma im Jahr 2005 wurde das Gesch\u00e4ft stetig ausgebaut. Wir betreuen Kunden in verschiedenen Branchen und sind offen f\u00fcr neues Terrain und herausfordernde Projekte. [&hellip;]<\/p>\n","protected":false},"author":1,"featured_media":0,"parent":0,"menu_order":0,"comment_status":"closed","ping_status":"closed","template":"","meta":{"footnotes":""},"class_list":["post-2","page","type-page","status-publish","hentry"],"_links":{"self":[{"href":"https:\/\/www.mandatis.ch\/index.php?rest_route=\/wp\/v2\/pages\/2","targetHints":{"allow":["GET"]}}],"collection":[{"href":"https:\/\/www.mandatis.ch\/index.php?rest_route=\/wp\/v2\/pages"}],"about":[{"href":"https:\/\/www.mandatis.ch\/index.php?rest_route=\/wp\/v2\/types\/page"}],"author":[{"embeddable":true,"href":"https:\/\/www.mandatis.ch\/index.php?rest_route=\/wp\/v2\/users\/1"}],"replies":[{"embeddable":true,"href":"https:\/\/www.mandatis.ch\/index.php?rest_route=%2Fwp%2Fv2%2Fcomments&post=2"}],"version-history":[{"count":48,"href":"https:\/\/www.mandatis.ch\/index.php?rest_route=\/wp\/v2\/pages\/2\/revisions"}],"predecessor-version":[{"id":236,"href":"https:\/\/www.mandatis.ch\/index.php?rest_route=\/wp\/v2\/pages\/2\/revisions\/236"}],"wp:attachment":[{"href":"https:\/\/www.mandatis.ch\/index.php?rest_route=%2Fwp%2Fv2%2Fmedia&parent=2"}],"curies":[{"name":"wp","href":"https:\/\/api.w.org\/{rel}","templated":true}]}}